{"id":543,"date":"2022-09-20T10:58:34","date_gmt":"2022-09-20T08:58:34","guid":{"rendered":"https:\/\/100prozbraslav.cz\/?page_id=543"},"modified":"2022-09-21T00:59:29","modified_gmt":"2022-09-20T22:59:29","slug":"transparentni-financovani","status":"publish","type":"page","link":"https:\/\/100prozbraslav.cz\/?page_id=543","title":{"rendered":"TRANSPARENTN\u00cd FINANCOV\u00c1N\u00cd"},"content":{"rendered":"\n<p>Na\u0161e financov\u00e1n\u00ed je pln\u011b transparentn\u00ed. P\u0159\u00edsp\u011bvky na na\u0161\u00ed volebn\u00ed kampa\u0148 pos\u00edlaj\u00ed d\u00e1rci na n\u00e1\u0161 transparentn\u00ed \u00fa\u010det <a rel=\"noreferrer noopener\" href=\"https:\/\/www.kb.cz\/cs\/transparentni-ucty\/123-5805330237\" data-type=\"URL\" data-id=\"https:\/\/www.kb.cz\/cs\/transparentni-ucty\/123-5805330237\" target=\"_blank\">123-5805330237\/0100<\/a>.<\/p>\n\n\n\n<p>P\u0159ev\u00e1\u017en\u00e1 v\u011bt\u0161ina p\u0159\u00edjmu je z dar\u016f na\u0161ich kandid\u00e1tu, pak n\u00e1sleduj\u00ed dary od na\u0161ich podporovatel\u016f, za co\u017e jim d\u011bkujeme.<\/p>\n\n\n\n<p>Zde je tabulka p\u0159\u00edjm\u016f a v\u00fddaj\u016f k 20. 9. 2022, n\u011bkter\u00e9 z v\u00fddaj\u016f k tomuto datu nejsou aktu\u00e1ln\u011b uhrazeny a proto je uv\u00e1d\u00edme n\u00ed\u017ee. Ve\u0161ker\u00e9 p\u0159\u00edjmy m\u016f\u017eete zkontrolovat oproti <a href=\"https:\/\/www.kb.cz\/cs\/transparentni-ucty\/123-5805330237\" data-type=\"URL\" data-id=\"https:\/\/www.kb.cz\/cs\/transparentni-ucty\/123-5805330237\" target=\"_blank\" rel=\"noreferrer noopener\">transparentn\u00edmu \u00fa\u010dtu<\/a>.<\/p>\n\n\n\n<figure class=\"wp-block-table tablesorter\"><table class=\"tablesorter {sortlist: [[0,0]]}\"><thead><tr><th>Datum<\/th><th>\u010c\u00e1stka<\/th><th>Protistrana<\/th><th>Druh<\/th><th>Pozn\u00e1mka<\/th><\/tr><\/thead><tbody><tr>\n        <td>2022-08-25<\/td>\n        <td>-17.787,00<\/td>\n        <td><\/td>\n        <td>Odchoz\u00ed platba<\/td>\n        <td>RHINO-reklamn\u00ed p\u0159edm\u011bty<\/td>\n    <\/tr>\n    <tr>\n        <td>2022-09-08<\/td>\n        <td>-5.203,00<\/td>\n        <td><\/td>\n        <td>Odchoz\u00ed platba<\/td>\n        <td>Tisk let\u00e1k\u016f<\/td>\n    <\/tr>\n    <tr>\n        <td>2022-09-07<\/td>\n        <td>-5.000,00<\/td>\n        <td><\/td>\n        <td>Odchoz\u00ed platba<\/td>\n        <td>Proplaceni inzerce na socialnich sitich<\/td>\n    <\/tr>\n    <tr>\n        <td>2022-08-11<\/td>\n        <td>-5.000,00<\/td>\n        <td><\/td>\n        <td>Odchoz\u00ed platba<\/td>\n        <td>vratka Filip Gaspar<\/td>\n    <\/tr>\n    <tr>\n        <td>2022-08-17<\/td>\n        <td>-2.000,00<\/td>\n        <td><\/td>\n        <td>Odchoz\u00ed platba<\/td>\n        <td>Volebni inzerce ZN 8\/22 + 9\/22<\/td>\n    <\/tr>\n    <tr>\n        <td>2022-08-26<\/td>\n        <td>-39,00<\/td>\n        <td><\/td>\n        <td>Poplatek<\/td>\n        <td><\/td>\n    <\/tr>\n    <tr>\n        <td>2022-07-25<\/td>\n        <td>-39,00<\/td>\n        <td><\/td>\n        <td>Poplatek<\/td>\n        <td><\/td>\n    <\/tr>\n    <tr>\n        <td>2022-06-27<\/td>\n        <td>-39,00<\/td>\n        <td><\/td>\n        <td>Poplatek<\/td>\n        <td><\/td>\n    <\/tr>\n    <tr>\n        <td>2022-05-25<\/td>\n        <td>-39,00<\/td>\n        <td><\/td>\n        <td>Poplatek<\/td>\n        <td><\/td>\n    <\/tr>\n    <tr>\n        <td>2022-04-26<\/td>\n        <td>-39,00<\/td>\n        <td><\/td>\n        <td>Poplatek<\/td>\n        <td><\/td>\n    <\/tr>\n    <tr>\n        <td>2022-03-28<\/td>\n        <td>-39,00<\/td>\n        <td><\/td>\n        <td>Poplatek<\/td>\n        <td><\/td>\n    <\/tr>\n    <tr>\n        <td>2022-02-28<\/td>\n        <td>-39,00<\/td>\n        <td><\/td>\n        <td>Poplatek<\/td>\n        <td><\/td>\n    <\/tr>\n    <tr>\n        <td>2022-04-08<\/td>\n        <td>1.000,00<\/td>\n        <td>Zuzana Joskov\u00e1<\/td>\n        <td>P\u0159\u00edchoz\u00ed platba<\/td>\n        <td><\/td>\n    <\/tr>\n    <tr>\n        <td>2022-09-06<\/td>\n        <td>2.000,00<\/td>\n        <td>Marcela Mich\u00e1lkov\u00e1<\/td>\n        <td>P\u0159\u00edchoz\u00ed platba<\/td>\n        <td>Podpora 100pro<\/td>\n    <\/tr>\n    <tr>\n        <td>2022-08-16<\/td>\n        <td>2.000,00<\/td>\n        <td>Mgr.Wildov\u00e1 Zuzana<\/td>\n        <td>P\u0159\u00edchoz\u00ed platba<\/td>\n        <td><\/td>\n    <\/tr>\n    <tr>\n        <td>2022-06-09<\/td>\n        <td>2.000,00<\/td>\n        <td>Ing.Sta\u0148kov\u00e1 Denisa<\/td>\n        <td>P\u0159\u00edchoz\u00ed platba<\/td>\n        <td>Denisa Stankova &#8211; prispevek navolebni kampan<\/td>\n    <\/tr>\n    <tr>\n        <td>2022-02-15<\/td>\n        <td>2.000,00<\/td>\n        <td>Bernardov\u00e1 Michaela<\/td>\n        <td>P\u0159\u00edchoz\u00ed platba<\/td>\n        <td>Prvn\u00ed Platba Pro Podporu PR 100Pra:)<\/td>\n    <\/tr>\n    <tr>\n        <td>2022-02-14<\/td>\n        <td>2.500,00<\/td>\n        <td>GASPAR FILIP<\/td>\n        <td>P\u0159\u00edchoz\u00ed platba<\/td>\n        <td>P\u0159\u00edsp\u011bvek na volby &#8211; Gaspar<\/td>\n    <\/tr>\n    <tr>\n        <td>2022-01-12<\/td>\n        <td>2.500,00<\/td>\n        <td>GASPAR FILIP<\/td>\n        <td>P\u0159\u00edchoz\u00ed platba<\/td>\n        <td>P\u0159\u00edsp\u011bvek na volby &#8211; Gaspar<\/td>\n    <\/tr>\n    <tr>\n        <td>2022-08-08<\/td>\n        <td>3.000,00<\/td>\n        <td>\u0160am\u00e1rek Tom\u00e1\u0161<\/td>\n        <td>P\u0159\u00edchoz\u00ed platba<\/td>\n        <td>\u0160am\u00e1rkov\u00e1 Janetta<\/td>\n    <\/tr>\n<tr>\n        <td>2022-06-13<\/td>\n        <td>3.000,00<\/td>\n        <td>NOVOTN\u00dd TOM\u00c1\u0160<\/td>\n        <td>P\u0159\u00edchoz\u00ed platba<\/td>\n        <td>Tom\u00e1\u0161 Novotn\u00fd P\u0159\u00edsp\u011bvek na volby<\/td>\n    <\/tr>\n    <tr>\n        <td>2022-08-16<\/td>\n        <td>5.000,00<\/td>\n        <td>ONDREJ SLOCAR<\/td>\n        <td>P\u0159\u00edchoz\u00ed platba<\/td>\n        <td>PODPORA 100PRO ZBRASLAV<\/td>\n    <\/tr>\n    <tr>\n        <td>2022-04-13<\/td>\n        <td>5.000,00<\/td>\n        <td>GASPAR FILIP<\/td>\n        <td>P\u0159\u00edchoz\u00ed platba<\/td>\n        <td>P\u0159\u00edsp\u011bvek na volby &#8211; Gaspar<\/td>\n    <\/tr>\n    <tr>\n        <td>2022-04-29<\/td>\n        <td>6.000,00<\/td>\n        <td>Bernardov\u00e1 Michaela<\/td>\n        <td>P\u0159\u00edchoz\u00ed platba<\/td>\n        <td>Micha_Brezen_Duben_Kveten_Platba Pro Podporu 100Pra:)<\/td>\n    <\/tr>\n    <tr>\n        <td>2022-07-20<\/td>\n        <td>7.000,00<\/td>\n        <td>\u0160LOCAR MARTIN<\/td>\n        <td>P\u0159\u00edchoz\u00ed platba<\/td>\n        <td>100pro M.+V. +100pro PIV<\/td>\n    <\/tr>\n    <tr>\n        <td>2022-08-04<\/td>\n        <td>8.000,00<\/td>\n        <td>PETRASKOVA JANA<\/td>\n        <td>P\u0159\u00edchoz\u00ed platba<\/td>\n        <td>Podpora 100pro<\/td>\n    <\/tr>\n    <tr>\n        <td>2022-08-11<\/td>\n        <td>10.000,00<\/td>\n        <td>JUDr. Michal Mur\u00edn<\/td>\n        <td>P\u0159\u00edchoz\u00ed platba<\/td>\n        <td><\/td>\n    <\/tr>\n    <tr>\n        <td>2022-08-01<\/td>\n        <td>12.000,00<\/td>\n        <td>SVESTKA MARTIN<\/td>\n        <td>P\u0159\u00edchoz\u00ed platba<\/td>\n        <td>M.S.<\/td>\n    <\/tr>\n    <tr>\n        <td>2022-09-08<\/td>\n        <td>15.000,00<\/td>\n        <td>HRDA STEPANKA<\/td>\n        <td>P\u0159\u00edchoz\u00ed platba<\/td>\n        <td>Podpora 100pro Zbraslav<\/td>\n    <\/tr>\n    <tr>\n        <td>2022-08-17<\/td>\n        <td>20.000,00<\/td>\n        <td>Rejna Radek<\/td>\n        <td>P\u0159\u00edchoz\u00ed platba<\/td>\n        <td>100pro volby<\/td>\n    <\/tr>\n    <tr>\n        <td>2022-02-14<\/td>\n        <td>20.000,00<\/td>\n        <td>Ing.Jambura Petr<\/td>\n        <td>P\u0159\u00edchoz\u00ed platba<\/td>\n        <td>Petr a Josef Jambura<\/td>\n    <\/tr>\n    <tr>\n        <td>2022-07-21<\/td>\n        <td>40.000,00<\/td>\n        <td>VEJVODOV\u00c1 ZUZANA<\/td>\n        <td>P\u0159\u00edchoz\u00ed platba<\/td>\n        <td>Podpora 100pro Z. Vejvodov\u00e1<\/td>\n    <\/tr>\n<tr>\n        <td>2022-09-20<\/td>\n        <td>-1.375,00<\/td>\n        <td><\/td>\n        <td>Odchoz\u00ed platba<\/td>\n        <td>QR kod<\/td>\n    <\/tr>\n    <tr>\n        <td>2022-09-20<\/td>\n        <td>-1.210,00<\/td>\n        <td><\/td>\n        <td>Odchoz\u00ed platba<\/td>\n        <td>Bannery<\/td>\n    <\/tr>\n    <tr>\n        <td>2022-09-20<\/td>\n        <td>-20.000,00<\/td>\n        <td><\/td>\n        <td>Odchoz\u00ed platba<\/td>\n        <td>D. Dubec &#8211; grafika noviny<\/td>\n    <\/tr>\n    <tr>\n        <td>2022-09-20<\/td>\n        <td>-20.086,00<\/td>\n        <td><\/td>\n        <td>Odchoz\u00ed platba<\/td>\n        <td>fa Brou\u010dek &#8211; tisk novin<\/td>\n    <\/tr>\n    <tr>\n        <td>2022-09-20<\/td>\n        <td>69,69<\/td>\n        <td>KOBZOV\u00c1 BARBORA<\/td>\n        <td>P\u0159\u00edchoz\u00ed platba<\/td>\n        <td>najs<\/td>\n    <\/tr>\n    <tr>\n        <td>2022-09-19<\/td>\n        <td>10.000,00<\/td>\n        <td>MILAN JE\u0158\u00c1BEK<\/td>\n        <td>P\u0159\u00edchoz\u00ed platba<\/td>\n        <td>Milan Je\u0159\u00e1bek<\/td>\n    <\/tr>\n    <tr>\n        <td>2022-09-20<\/td>\n        <td>2.000,00<\/td>\n        <td>Kno\u0161kov\u00e1 Jitka<\/td>\n        <td>P\u0159\u00edchoz\u00ed platba<\/td>\n        <td>P\u0159\u00edsp\u011bvek na volby<\/td>\n    <\/tr>\n<\/tbody><\/table><\/figure>\n","protected":false},"excerpt":{"rendered":"<p>Na\u0161e financov\u00e1n\u00ed je pln\u011b transparentn\u00ed. P\u0159\u00edsp\u011bvky na na\u0161\u00ed volebn\u00ed kampa\u0148 pos\u00edlaj\u00ed d\u00e1rci na n\u00e1\u0161 transparentn\u00ed \u00fa\u010det 123-5805330237\/0100. P\u0159ev\u00e1\u017en\u00e1 v\u011bt\u0161ina p\u0159\u00edjmu je z dar\u016f na\u0161ich kandid\u00e1tu, pak n\u00e1sleduj\u00ed dary od na\u0161ich podporovatel\u016f, za co\u017e jim d\u011bkujeme. Zde je tabulka p\u0159\u00edjm\u016f a v\u00fddaj\u016f k 20. 9. 2022, n\u011bkter\u00e9 z v\u00fddaj\u016f k tomuto datu nejsou aktu\u00e1ln\u011b uhrazeny a&#8230;<\/p>\n","protected":false},"author":1,"featured_media":544,"parent":0,"menu_order":0,"comment_status":"closed","ping_status":"closed","template":"fullwidth-template.php","meta":{"footnotes":""},"class_list":["post-543","page","type-page","status-publish","has-post-thumbnail","hentry"],"_links":{"self":[{"href":"https:\/\/100prozbraslav.cz\/index.php?rest_route=\/wp\/v2\/pages\/543","targetHints":{"allow":["GET"]}}],"collection":[{"href":"https:\/\/100prozbraslav.cz\/index.php?rest_route=\/wp\/v2\/pages"}],"about":[{"href":"https:\/\/100prozbraslav.cz\/index.php?rest_route=\/wp\/v2\/types\/page"}],"author":[{"embeddable":true,"href":"https:\/\/100prozbraslav.cz\/index.php?rest_route=\/wp\/v2\/users\/1"}],"replies":[{"embeddable":true,"href":"https:\/\/100prozbraslav.cz\/index.php?rest_route=%2Fwp%2Fv2%2Fcomments&post=543"}],"version-history":[{"count":16,"href":"https:\/\/100prozbraslav.cz\/index.php?rest_route=\/wp\/v2\/pages\/543\/revisions"}],"predecessor-version":[{"id":566,"href":"https:\/\/100prozbraslav.cz\/index.php?rest_route=\/wp\/v2\/pages\/543\/revisions\/566"}],"wp:featuredmedia":[{"embeddable":true,"href":"https:\/\/100prozbraslav.cz\/index.php?rest_route=\/wp\/v2\/media\/544"}],"wp:attachment":[{"href":"https:\/\/100prozbraslav.cz\/index.php?rest_route=%2Fwp%2Fv2%2Fmedia&parent=543"}],"curies":[{"name":"wp","href":"https:\/\/api.w.org\/{rel}","templated":true}]}}