{"id":51,"date":"2022-07-20T00:28:08","date_gmt":"2022-07-19T22:28:08","guid":{"rendered":"https:\/\/www.kliste.net\/1p\/?page_id=51"},"modified":"2022-10-10T11:49:34","modified_gmt":"2022-10-10T09:49:34","slug":"100pro-zbraslav","status":"publish","type":"page","link":"https:\/\/100prozbraslav.cz\/","title":{"rendered":"100pro Zbraslav"},"content":{"rendered":"\n<p>V\u00e1\u017een\u00ed ob\u010dan\u00e9 Zbraslavi, mil\u00ed voli\u010di 100pro Zbraslav,<br>v leto\u0161n\u00edch komun\u00e1ln\u00edch volb\u00e1ch 100pro Zbraslav op\u011bt kandidovalo s podporou hnut\u00ed STAN a Pir\u00e1t\u016f. S\u00a0ohledem na uspo\u0159\u00e1d\u00e1n\u00ed v\u00a0r\u00e1mci vl\u00e1dn\u00ed koalice i povolebn\u00ed jedn\u00e1n\u00ed na \u00farovni hl. m. Prahy se na Zbraslavi nab\u00edzelo vytvo\u0159en\u00ed koalice se sdru\u017een\u00edm Spole\u010dn\u011b pro Zbraslav (ODS a TOP09). Byli jsme p\u0159ipraveni hovo\u0159it o mo\u017enostech povolebn\u00edho uspo\u0159\u00e1d\u00e1n\u00ed, a to jak v oblasti programov\u00fdch priorit, tak v person\u00e1ln\u00edch ot\u00e1zk\u00e1ch. Krom\u011b \u00favodn\u00edho neform\u00e1ln\u00edho setk\u00e1n\u00ed i p\u0159es na\u0161e v\u00fdzvy ke spole\u010dn\u00e9mu jedn\u00e1n\u00ed nedo\u0161lo.<\/p>\n\n\n\n<p>Ve \u010dtvrtek ohl\u00e1sily Nez\u00e1visl\u00e1 Zbraslav a Spole\u010dn\u011b pro Zbraslav svoji dohodu na vzniku koalice.<\/p>\n\n\n\n<p>Sedm mand\u00e1t\u016f, kter\u00e9 jsme d\u00edky va\u0161\u00ed d\u016fv\u011b\u0159e z\u00edskali, je pro n\u00e1s z\u00e1vazkem. Za sebe i za cel\u00e9 uskupen\u00ed 100pro Zbraslav m\u016f\u017eu sl\u00edbit, \u017ee budeme zodpov\u011bdnou, aktivn\u00ed a konstruktivn\u00ed opozic\u00ed.<\/p>\n\n\n\n<p>P\u0159eji V\u00e1m p\u0159\u00edjemn\u00e9 podzimn\u00ed dny.<\/p>\n\n\n\n<p class=\"has-text-align-right\">Na Zbraslavi, dne 9. 10. 2022<br>Zuzana Vejvodov\u00e1<\/p>\n\n\n\n<hr class=\"wp-block-separator has-alpha-channel-opacity\"\/>\n\n\n\n<p>V\u00e1\u017een\u00ed ob\u010dan\u00e9,<\/p>\n\n\n\n<p>d\u00edky va\u0161\u00ed d\u016fv\u011b\u0159e p\u016fsob\u00edme ve veden\u00ed na\u0161\u00ed m\u011bstsk\u00e9 \u010d\u00e1sti ji\u017e 8 let. Za tu dobu se n\u00e1m poda\u0159ilo zrealizovat mnoho d\u016fle\u017eit\u00fdch projekt\u016f a splnit \u0159adu slib\u016f. <a href=\"https:\/\/100prozbraslav.cz\/?page_id=128\" data-type=\"page\" data-id=\"128\">V\u00fdsledky na\u0161\u00ed pr\u00e1ce<\/a> vid\u00edme v re\u00e1ln\u00e9 podob\u011b v\u0161ude kolem n\u00e1s.<\/p>\n\n\n\n<p>M\u00e1me <a href=\"https:\/\/100prozbraslav.cz\/?page_id=126\" data-type=\"page\" data-id=\"126\">vizi, rozpracovan\u00e9 projekty a konkr\u00e9tn\u00ed pl\u00e1n,<\/a> jak pracovat na rozvoji Zbraslavi. M\u00e1me odvahu pustit se do velk\u00fdch v\u011bc\u00ed i trp\u011blivost d\u011blat ty drobn\u00e9. Dok\u00e1\u017eeme prosazovat z\u00e1jmy Zbraslavi v&nbsp;r\u00e1mci hlavn\u00edho m\u011bsta Prahy.<\/p>\n\n\n\n<p><a href=\"https:\/\/100prozbraslav.cz\/?page_id=96\" data-type=\"page\" data-id=\"96\">100pro Zbraslav je t\u00fdm<\/a> pracovit\u00fdch a schopn\u00fdch lid\u00ed, kte\u0159\u00ed maj\u00ed bohat\u00e9 zku\u0161enosti ze sv\u00fdch profesn\u00edch \u017eivot\u016f i z dosavadn\u00edho p\u016fsoben\u00ed na radnici. Jsme aktivn\u00ed ve ve\u0159ejn\u00e9m d\u011bn\u00ed a v&nbsp;m\u00edstn\u00edch spolc\u00edch. Na Zbraslavi prost\u011b \u017eijeme.<\/p>\n\n\n\n<p>Naslouch\u00e1me va\u0161im pot\u0159eb\u00e1m. Jsme otev\u0159en\u00ed v\u016f\u010di v\u0161em zastupitel\u016fm a ve\u0159ejnosti, vedeme v\u011bcnou a odbornou debatu a pracujeme s&nbsp;respektem k&nbsp;n\u00e1zoru druh\u00fdch. V\u00e1\u017e\u00edme si v\u0161ech, kdo se zapojuj\u00ed do ve\u0159ejn\u00e9ho \u017eivota na Zbraslavi.<\/p>\n\n\n\n<p>Chceme, aby Zbraslav byla pro ka\u017ed\u00e9ho z n\u00e1s p\u0159\u00edjemn\u00fdm a bezpe\u010dn\u00fdm domovem v zeleni, s respektuj\u00edc\u00edm p\u0159\u00edstupem k p\u0159\u00edrod\u011b, s funguj\u00edc\u00edmi slu\u017ebami pro v\u0161echny a p\u0159ipraven\u00e1 na budouc\u00ed v\u00fdzvy.<\/p>\n\n\n\n<p>100pro Zbraslav vzniklo p\u0159ed osmi lety jako spole\u010denstv\u00ed lid\u00ed, kte\u0159\u00ed cht\u011bj\u00ed m\u011bnit \u017eivot na Zbraslavi k lep\u0161\u00edmu. D\u011bkujeme v\u0161em, kte\u0159\u00ed se p\u0159idali. Poj\u010fme spole\u010dn\u011b pokra\u010dovat!<\/p>\n\n\n\n<p class=\"has-text-align-right\">Zuzana Vejvodov\u00e1, <br>starostka Zbraslavi <\/p>\n\n\n\n<hr class=\"wp-block-separator has-text-color has-alpha-channel-opacity has-background\" style=\"background-color:#ea5050;color:#ea5050\"\/>\n\n\n\n<figure class=\"wp-block-image size-large\"><img loading=\"lazy\" decoding=\"async\" width=\"1024\" height=\"670\" src=\"https:\/\/100prozbraslav.cz\/wp-content\/uploads\/2022\/09\/grupa-1024x670.png\" alt=\"\" class=\"wp-image-537\" srcset=\"https:\/\/100prozbraslav.cz\/wp-content\/uploads\/2022\/09\/grupa-1024x670.png 1024w, https:\/\/100prozbraslav.cz\/wp-content\/uploads\/2022\/09\/grupa-300x196.png 300w, https:\/\/100prozbraslav.cz\/wp-content\/uploads\/2022\/09\/grupa-768x502.png 768w, https:\/\/100prozbraslav.cz\/wp-content\/uploads\/2022\/09\/grupa-350x230.png 350w, https:\/\/100prozbraslav.cz\/wp-content\/uploads\/2022\/09\/grupa-850x556.png 850w, https:\/\/100prozbraslav.cz\/wp-content\/uploads\/2022\/09\/grupa.png 1032w\" sizes=\"auto, (max-width: 1024px) 100vw, 1024px\" \/><\/figure>\n","protected":false},"excerpt":{"rendered":"<p>V\u00e1\u017een\u00ed ob\u010dan\u00e9 Zbraslavi, mil\u00ed voli\u010di 100pro Zbraslav,v leto\u0161n\u00edch komun\u00e1ln\u00edch volb\u00e1ch 100pro Zbraslav op\u011bt kandidovalo s podporou hnut\u00ed STAN a Pir\u00e1t\u016f. S\u00a0ohledem na uspo\u0159\u00e1d\u00e1n\u00ed v\u00a0r\u00e1mci vl\u00e1dn\u00ed koalice i povolebn\u00ed jedn\u00e1n\u00ed na \u00farovni hl. m. Prahy se na Zbraslavi nab\u00edzelo vytvo\u0159en\u00ed koalice se sdru\u017een\u00edm Spole\u010dn\u011b pro Zbraslav (ODS a TOP09). Byli jsme p\u0159ipraveni hovo\u0159it o mo\u017enostech povolebn\u00edho&#8230;<\/p>\n","protected":false},"author":1,"featured_media":539,"parent":0,"menu_order":0,"comment_status":"closed","ping_status":"closed","template":"","meta":{"footnotes":""},"class_list":["post-51","page","type-page","status-publish","has-post-thumbnail","hentry"],"_links":{"self":[{"href":"https:\/\/100prozbraslav.cz\/index.php?rest_route=\/wp\/v2\/pages\/51","targetHints":{"allow":["GET"]}}],"collection":[{"href":"https:\/\/100prozbraslav.cz\/index.php?rest_route=\/wp\/v2\/pages"}],"about":[{"href":"https:\/\/100prozbraslav.cz\/index.php?rest_route=\/wp\/v2\/types\/page"}],"author":[{"embeddable":true,"href":"https:\/\/100prozbraslav.cz\/index.php?rest_route=\/wp\/v2\/users\/1"}],"replies":[{"embeddable":true,"href":"https:\/\/100prozbraslav.cz\/index.php?rest_route=%2Fwp%2Fv2%2Fcomments&post=51"}],"version-history":[{"count":21,"href":"https:\/\/100prozbraslav.cz\/index.php?rest_route=\/wp\/v2\/pages\/51\/revisions"}],"predecessor-version":[{"id":581,"href":"https:\/\/100prozbraslav.cz\/index.php?rest_route=\/wp\/v2\/pages\/51\/revisions\/581"}],"wp:featuredmedia":[{"embeddable":true,"href":"https:\/\/100prozbraslav.cz\/index.php?rest_route=\/wp\/v2\/media\/539"}],"wp:attachment":[{"href":"https:\/\/100prozbraslav.cz\/index.php?rest_route=%2Fwp%2Fv2%2Fmedia&parent=51"}],"curies":[{"name":"wp","href":"https:\/\/api.w.org\/{rel}","templated":true}]}}