{"id":418,"date":"2022-09-01T10:48:55","date_gmt":"2022-09-01T08:48:55","guid":{"rendered":"https:\/\/100prozbraslav.cz\/?page_id=418"},"modified":"2022-09-01T11:15:19","modified_gmt":"2022-09-01T09:15:19","slug":"skolstvi","status":"publish","type":"page","link":"https:\/\/100prozbraslav.cz\/?page_id=418","title":{"rendered":"\u0160KOLSTV\u00cd"},"content":{"rendered":"\n<ul class=\"wp-block-list\" id=\"top\"><li>Vypracovali jsme \u201eKoncepci vzd\u011bl\u00e1v\u00e1n\u00ed v&nbsp;M\u010c Praha-Zbraslav 2020-2025\u201c.<\/li><li>Nav\u00fd\u0161ili jsme finan\u010dn\u00ed prost\u0159edky pro na\u0161e \u0161koly a \u0161kolsk\u00e1 za\u0159\u00edzen\u00ed<\/li><li>Zaji\u0161\u0165ujeme fungov\u00e1n\u00ed jesl\u00ed a zlep\u0161ili jsme jejich financov\u00e1n\u00ed.<\/li><li>Zvy\u0161ujeme \u00farove\u0148 Z\u0160 Vl. Van\u010dury \u2013 nov\u00e9 veden\u00ed s&nbsp;modern\u00ed viz\u00ed, nov\u00e1 jazykov\u00e1 laborato\u0159 a u\u010debna hudebn\u00ed v\u00fdchovy, nov\u00e9 h\u0159i\u0161t\u011b Nad Parkem, n\u00e1kup modern\u00ed v\u00fdpo\u010detn\u00ed techniky, \u00fapravy \u0161aten, nov\u00e9 kabinety a soci\u00e1ln\u00ed za\u0159\u00edzen\u00ed.<\/li><li>Podporujeme projekt Eko\u0161kolky Nad Parkem.<\/li><li>Upravili jsme \u0161koln\u00ed dv\u016fr M\u0160 Eli\u0161ka.<\/li><li>Rekonstruovali jsme rozvody v M\u0160 Nad Parkem.<\/li><li>Zvy\u0161ujeme \u00farove\u0148 slu\u017eeb ve \u0161koln\u00ed j\u00eddeln\u011b nap\u0159. zaveden\u00edm bezlepkov\u00fdch j\u00eddel.<\/li><li>P\u0159isp\u011bli jsme na zaji\u0161t\u011bn\u00ed fungov\u00e1n\u00ed M\u0160 Opus dotac\u00ed 300 tis. K\u010d a p\u016fj\u010dkou 1 mil. K\u010d.<\/li><li>Zajistili jsme adapta\u010dn\u00ed skupiny a m\u00edsta ve \u0161kole a \u0161kolce pro ukrajinsk\u00e9 d\u011bti.<\/li><li>Jsme aktivn\u00ed v&nbsp;programu rozvoje vzd\u011bl\u00e1v\u00e1n\u00ed MAP Praha 16.<\/li><li>Pracujeme na roz\u0161\u00ed\u0159en\u00ed kapacity ZU\u0160 \u2013 odkoupili jsme sousedn\u00ed objekt.<\/li><\/ul>\n\n\n\n<figure class=\"wp-block-gallery has-nested-images columns-4 is-cropped wp-block-gallery-1 is-layout-flex wp-block-gallery-is-layout-flex\">\n<figure class=\"wp-block-image size-large\"><a href=\"https:\/\/100prozbraslav.cz\/wp-content\/uploads\/2022\/09\/Ekoskolka.jpg\"><img loading=\"lazy\" decoding=\"async\" width=\"800\" height=\"1200\" data-id=\"419\" src=\"https:\/\/100prozbraslav.cz\/wp-content\/uploads\/2022\/09\/Ekoskolka.jpg\" alt=\"\" class=\"wp-image-419\" srcset=\"https:\/\/100prozbraslav.cz\/wp-content\/uploads\/2022\/09\/Ekoskolka.jpg 800w, https:\/\/100prozbraslav.cz\/wp-content\/uploads\/2022\/09\/Ekoskolka-200x300.jpg 200w, https:\/\/100prozbraslav.cz\/wp-content\/uploads\/2022\/09\/Ekoskolka-683x1024.jpg 683w, https:\/\/100prozbraslav.cz\/wp-content\/uploads\/2022\/09\/Ekoskolka-768x1152.jpg 768w, https:\/\/100prozbraslav.cz\/wp-content\/uploads\/2022\/09\/Ekoskolka-300x450.jpg 300w\" sizes=\"auto, (max-width: 800px) 100vw, 800px\" \/><\/a><figcaption>Eko\u0161kolka<\/figcaption><\/figure>\n\n\n\n<figure class=\"wp-block-image size-large\"><a href=\"https:\/\/100prozbraslav.cz\/wp-content\/uploads\/2022\/09\/Jesle.jpg\"><img loading=\"lazy\" decoding=\"async\" width=\"800\" height=\"533\" data-id=\"420\" src=\"https:\/\/100prozbraslav.cz\/wp-content\/uploads\/2022\/09\/Jesle.jpg\" alt=\"\" class=\"wp-image-420\" srcset=\"https:\/\/100prozbraslav.cz\/wp-content\/uploads\/2022\/09\/Jesle.jpg 800w, https:\/\/100prozbraslav.cz\/wp-content\/uploads\/2022\/09\/Jesle-300x200.jpg 300w, https:\/\/100prozbraslav.cz\/wp-content\/uploads\/2022\/09\/Jesle-768x512.jpg 768w\" sizes=\"auto, (max-width: 800px) 100vw, 800px\" \/><\/a><figcaption>Jesle<\/figcaption><\/figure>\n\n\n\n<figure class=\"wp-block-image size-large\"><a href=\"https:\/\/100prozbraslav.cz\/wp-content\/uploads\/2022\/09\/MS-1.jpg\"><img loading=\"lazy\" decoding=\"async\" width=\"800\" height=\"533\" data-id=\"421\" src=\"https:\/\/100prozbraslav.cz\/wp-content\/uploads\/2022\/09\/MS-1.jpg\" alt=\"\" class=\"wp-image-421\" srcset=\"https:\/\/100prozbraslav.cz\/wp-content\/uploads\/2022\/09\/MS-1.jpg 800w, https:\/\/100prozbraslav.cz\/wp-content\/uploads\/2022\/09\/MS-1-300x200.jpg 300w, https:\/\/100prozbraslav.cz\/wp-content\/uploads\/2022\/09\/MS-1-768x512.jpg 768w\" sizes=\"auto, (max-width: 800px) 100vw, 800px\" \/><\/a><figcaption>Mate\u0159sk\u00e1 \u0160kola<\/figcaption><\/figure>\n\n\n\n<figure class=\"wp-block-image size-large\"><a href=\"https:\/\/100prozbraslav.cz\/wp-content\/uploads\/2022\/09\/MS-2.jpg\"><img loading=\"lazy\" decoding=\"async\" width=\"800\" height=\"533\" data-id=\"422\" src=\"https:\/\/100prozbraslav.cz\/wp-content\/uploads\/2022\/09\/MS-2.jpg\" alt=\"\" class=\"wp-image-422\" srcset=\"https:\/\/100prozbraslav.cz\/wp-content\/uploads\/2022\/09\/MS-2.jpg 800w, https:\/\/100prozbraslav.cz\/wp-content\/uploads\/2022\/09\/MS-2-300x200.jpg 300w, https:\/\/100prozbraslav.cz\/wp-content\/uploads\/2022\/09\/MS-2-768x512.jpg 768w\" sizes=\"auto, (max-width: 800px) 100vw, 800px\" \/><\/a><figcaption>Mate\u0159sk\u00e1 \u0160kola<\/figcaption><\/figure>\n\n\n\n<figure class=\"wp-block-image size-large\"><a href=\"https:\/\/100prozbraslav.cz\/wp-content\/uploads\/2022\/09\/MS-4.jpg\"><img loading=\"lazy\" decoding=\"async\" width=\"800\" height=\"533\" data-id=\"424\" src=\"https:\/\/100prozbraslav.cz\/wp-content\/uploads\/2022\/09\/MS-4.jpg\" alt=\"\" class=\"wp-image-424\" srcset=\"https:\/\/100prozbraslav.cz\/wp-content\/uploads\/2022\/09\/MS-4.jpg 800w, https:\/\/100prozbraslav.cz\/wp-content\/uploads\/2022\/09\/MS-4-300x200.jpg 300w, https:\/\/100prozbraslav.cz\/wp-content\/uploads\/2022\/09\/MS-4-768x512.jpg 768w\" sizes=\"auto, (max-width: 800px) 100vw, 800px\" \/><\/a><figcaption>Mate\u0159sk\u00e1 \u0160kola<\/figcaption><\/figure>\n\n\n\n<figure class=\"wp-block-image size-large\"><a href=\"https:\/\/100prozbraslav.cz\/wp-content\/uploads\/2022\/09\/MS-3.jpg\"><img loading=\"lazy\" decoding=\"async\" width=\"800\" height=\"564\" data-id=\"423\" src=\"https:\/\/100prozbraslav.cz\/wp-content\/uploads\/2022\/09\/MS-3.jpg\" alt=\"\" class=\"wp-image-423\" srcset=\"https:\/\/100prozbraslav.cz\/wp-content\/uploads\/2022\/09\/MS-3.jpg 800w, https:\/\/100prozbraslav.cz\/wp-content\/uploads\/2022\/09\/MS-3-300x212.jpg 300w, https:\/\/100prozbraslav.cz\/wp-content\/uploads\/2022\/09\/MS-3-768x541.jpg 768w\" sizes=\"auto, (max-width: 800px) 100vw, 800px\" \/><\/a><figcaption>Mate\u0159sk\u00e1 \u0160kola<\/figcaption><\/figure>\n\n\n\n<figure class=\"wp-block-image size-large\"><a href=\"https:\/\/100prozbraslav.cz\/wp-content\/uploads\/2022\/09\/Opravy-MS-Nad-Parkem.jpg\"><img loading=\"lazy\" decoding=\"async\" width=\"800\" height=\"533\" data-id=\"425\" src=\"https:\/\/100prozbraslav.cz\/wp-content\/uploads\/2022\/09\/Opravy-MS-Nad-Parkem.jpg\" alt=\"\" class=\"wp-image-425\" srcset=\"https:\/\/100prozbraslav.cz\/wp-content\/uploads\/2022\/09\/Opravy-MS-Nad-Parkem.jpg 800w, https:\/\/100prozbraslav.cz\/wp-content\/uploads\/2022\/09\/Opravy-MS-Nad-Parkem-300x200.jpg 300w, https:\/\/100prozbraslav.cz\/wp-content\/uploads\/2022\/09\/Opravy-MS-Nad-Parkem-768x512.jpg 768w\" sizes=\"auto, (max-width: 800px) 100vw, 800px\" \/><\/a><figcaption>Opravy M\u0160 Nad Parkem<\/figcaption><\/figure>\n\n\n\n<figure class=\"wp-block-image size-large\"><a href=\"https:\/\/100prozbraslav.cz\/wp-content\/uploads\/2022\/09\/Skolni-jidelna.jpg\"><img loading=\"lazy\" decoding=\"async\" width=\"800\" height=\"533\" data-id=\"426\" src=\"https:\/\/100prozbraslav.cz\/wp-content\/uploads\/2022\/09\/Skolni-jidelna.jpg\" alt=\"\" class=\"wp-image-426\" srcset=\"https:\/\/100prozbraslav.cz\/wp-content\/uploads\/2022\/09\/Skolni-jidelna.jpg 800w, https:\/\/100prozbraslav.cz\/wp-content\/uploads\/2022\/09\/Skolni-jidelna-300x200.jpg 300w, https:\/\/100prozbraslav.cz\/wp-content\/uploads\/2022\/09\/Skolni-jidelna-768x512.jpg 768w\" sizes=\"auto, (max-width: 800px) 100vw, 800px\" \/><\/a><figcaption>\u0160koln\u00ed j\u00eddelna<\/figcaption><\/figure>\n\n\n\n<figure class=\"wp-block-image size-large\"><a href=\"https:\/\/100prozbraslav.cz\/wp-content\/uploads\/2022\/09\/ZS-1.jpg\"><img loading=\"lazy\" decoding=\"async\" width=\"800\" height=\"533\" data-id=\"427\" src=\"https:\/\/100prozbraslav.cz\/wp-content\/uploads\/2022\/09\/ZS-1.jpg\" alt=\"\" class=\"wp-image-427\" srcset=\"https:\/\/100prozbraslav.cz\/wp-content\/uploads\/2022\/09\/ZS-1.jpg 800w, https:\/\/100prozbraslav.cz\/wp-content\/uploads\/2022\/09\/ZS-1-300x200.jpg 300w, https:\/\/100prozbraslav.cz\/wp-content\/uploads\/2022\/09\/ZS-1-768x512.jpg 768w\" sizes=\"auto, (max-width: 800px) 100vw, 800px\" \/><\/a><figcaption>Z\u0160 Vladislava Van\u010dury, budova Hauptova<\/figcaption><\/figure>\n\n\n\n<figure class=\"wp-block-image size-large\"><a href=\"https:\/\/100prozbraslav.cz\/wp-content\/uploads\/2022\/09\/ZS-2.jpg\"><img loading=\"lazy\" decoding=\"async\" width=\"800\" height=\"533\" data-id=\"428\" src=\"https:\/\/100prozbraslav.cz\/wp-content\/uploads\/2022\/09\/ZS-2.jpg\" alt=\"\" class=\"wp-image-428\" srcset=\"https:\/\/100prozbraslav.cz\/wp-content\/uploads\/2022\/09\/ZS-2.jpg 800w, https:\/\/100prozbraslav.cz\/wp-content\/uploads\/2022\/09\/ZS-2-300x200.jpg 300w, https:\/\/100prozbraslav.cz\/wp-content\/uploads\/2022\/09\/ZS-2-768x512.jpg 768w\" sizes=\"auto, (max-width: 800px) 100vw, 800px\" \/><\/a><figcaption>Z\u0160 Vladislava Van\u010dury, budova Nad Parkem<\/figcaption><\/figure>\n\n\n\n<figure class=\"wp-block-image size-large\"><a href=\"https:\/\/100prozbraslav.cz\/wp-content\/uploads\/2022\/09\/ZS-3.jpg\"><img loading=\"lazy\" decoding=\"async\" width=\"800\" height=\"533\" data-id=\"429\" src=\"https:\/\/100prozbraslav.cz\/wp-content\/uploads\/2022\/09\/ZS-3.jpg\" alt=\"\" class=\"wp-image-429\" srcset=\"https:\/\/100prozbraslav.cz\/wp-content\/uploads\/2022\/09\/ZS-3.jpg 800w, https:\/\/100prozbraslav.cz\/wp-content\/uploads\/2022\/09\/ZS-3-300x200.jpg 300w, https:\/\/100prozbraslav.cz\/wp-content\/uploads\/2022\/09\/ZS-3-768x512.jpg 768w\" sizes=\"auto, (max-width: 800px) 100vw, 800px\" \/><\/a><figcaption>Z\u0160 Vladislava Van\u010dury, budova Nad Parkem<\/figcaption><\/figure>\n\n\n\n<figure class=\"wp-block-image size-large\"><a href=\"https:\/\/100prozbraslav.cz\/wp-content\/uploads\/2022\/09\/ZS-4.jpg\"><img loading=\"lazy\" decoding=\"async\" width=\"800\" height=\"533\" data-id=\"430\" src=\"https:\/\/100prozbraslav.cz\/wp-content\/uploads\/2022\/09\/ZS-4.jpg\" alt=\"\" class=\"wp-image-430\" srcset=\"https:\/\/100prozbraslav.cz\/wp-content\/uploads\/2022\/09\/ZS-4.jpg 800w, https:\/\/100prozbraslav.cz\/wp-content\/uploads\/2022\/09\/ZS-4-300x200.jpg 300w, https:\/\/100prozbraslav.cz\/wp-content\/uploads\/2022\/09\/ZS-4-768x512.jpg 768w\" sizes=\"auto, (max-width: 800px) 100vw, 800px\" \/><\/a><figcaption>Z\u0160 Vladislava Van\u010dury, budova Nad Parkem<\/figcaption><\/figure>\n\n\n\n<figure class=\"wp-block-image size-large\"><a href=\"https:\/\/100prozbraslav.cz\/wp-content\/uploads\/2022\/09\/ZS-5.jpg\"><img loading=\"lazy\" decoding=\"async\" width=\"800\" height=\"533\" data-id=\"431\" src=\"https:\/\/100prozbraslav.cz\/wp-content\/uploads\/2022\/09\/ZS-5.jpg\" alt=\"\" class=\"wp-image-431\" srcset=\"https:\/\/100prozbraslav.cz\/wp-content\/uploads\/2022\/09\/ZS-5.jpg 800w, https:\/\/100prozbraslav.cz\/wp-content\/uploads\/2022\/09\/ZS-5-300x200.jpg 300w, https:\/\/100prozbraslav.cz\/wp-content\/uploads\/2022\/09\/ZS-5-768x512.jpg 768w\" sizes=\"auto, (max-width: 800px) 100vw, 800px\" \/><\/a><figcaption>Z\u0160 Vladislava Van\u010dury<\/figcaption><\/figure>\n\n\n\n<figure class=\"wp-block-image size-large\"><a href=\"https:\/\/100prozbraslav.cz\/wp-content\/uploads\/2022\/09\/ZS-6.jpg\"><img loading=\"lazy\" decoding=\"async\" width=\"800\" height=\"533\" data-id=\"432\" src=\"https:\/\/100prozbraslav.cz\/wp-content\/uploads\/2022\/09\/ZS-6.jpg\" alt=\"\" class=\"wp-image-432\" srcset=\"https:\/\/100prozbraslav.cz\/wp-content\/uploads\/2022\/09\/ZS-6.jpg 800w, https:\/\/100prozbraslav.cz\/wp-content\/uploads\/2022\/09\/ZS-6-300x200.jpg 300w, https:\/\/100prozbraslav.cz\/wp-content\/uploads\/2022\/09\/ZS-6-768x512.jpg 768w\" sizes=\"auto, (max-width: 800px) 100vw, 800px\" \/><\/a><figcaption>Z\u0160 Vladislava Van\u010dury<\/figcaption><\/figure>\n\n\n\n<figure class=\"wp-block-image size-large\"><a href=\"https:\/\/100prozbraslav.cz\/wp-content\/uploads\/2022\/09\/ZS-7.jpg\"><img loading=\"lazy\" decoding=\"async\" width=\"800\" height=\"533\" data-id=\"433\" src=\"https:\/\/100prozbraslav.cz\/wp-content\/uploads\/2022\/09\/ZS-7.jpg\" alt=\"\" class=\"wp-image-433\" srcset=\"https:\/\/100prozbraslav.cz\/wp-content\/uploads\/2022\/09\/ZS-7.jpg 800w, https:\/\/100prozbraslav.cz\/wp-content\/uploads\/2022\/09\/ZS-7-300x200.jpg 300w, https:\/\/100prozbraslav.cz\/wp-content\/uploads\/2022\/09\/ZS-7-768x512.jpg 768w\" sizes=\"auto, (max-width: 800px) 100vw, 800px\" \/><\/a><figcaption>Z\u0160 Vladislava Van\u010dury<\/figcaption><\/figure>\n\n\n\n<figure class=\"wp-block-image size-large\"><a href=\"https:\/\/100prozbraslav.cz\/wp-content\/uploads\/2022\/09\/ZS-8.jpg\"><img loading=\"lazy\" decoding=\"async\" width=\"800\" height=\"533\" data-id=\"434\" src=\"https:\/\/100prozbraslav.cz\/wp-content\/uploads\/2022\/09\/ZS-8.jpg\" alt=\"\" class=\"wp-image-434\" srcset=\"https:\/\/100prozbraslav.cz\/wp-content\/uploads\/2022\/09\/ZS-8.jpg 800w, https:\/\/100prozbraslav.cz\/wp-content\/uploads\/2022\/09\/ZS-8-300x200.jpg 300w, https:\/\/100prozbraslav.cz\/wp-content\/uploads\/2022\/09\/ZS-8-768x512.jpg 768w\" sizes=\"auto, (max-width: 800px) 100vw, 800px\" \/><\/a><figcaption>Z\u0160 Vladislava Van\u010dury<\/figcaption><\/figure>\n<\/figure>\n\n\n\n<div class=\"wp-block-buttons is-content-justification-right is-layout-flex wp-container-core-buttons-is-layout-765c4724 wp-block-buttons-is-layout-flex\">\n<div class=\"wp-block-button alignright\"><a class=\"wp-block-button__link has-text-color has-background\" href=\"https:\/\/100prozbraslav.cz\/?page_id=128#skolstvi\" style=\"background-color:#314e60;color:#ea5050\">zp\u011bt<\/a><\/div>\n<\/div>\n","protected":false},"excerpt":{"rendered":"<p>Vypracovali jsme \u201eKoncepci vzd\u011bl\u00e1v\u00e1n\u00ed v&nbsp;M\u010c Praha-Zbraslav 2020-2025\u201c. Nav\u00fd\u0161ili jsme finan\u010dn\u00ed prost\u0159edky pro na\u0161e \u0161koly a \u0161kolsk\u00e1 za\u0159\u00edzen\u00ed Zaji\u0161\u0165ujeme fungov\u00e1n\u00ed jesl\u00ed a zlep\u0161ili jsme jejich financov\u00e1n\u00ed. Zvy\u0161ujeme \u00farove\u0148 Z\u0160 Vl. Van\u010dury \u2013 nov\u00e9 veden\u00ed s&nbsp;modern\u00ed viz\u00ed, nov\u00e1 jazykov\u00e1 laborato\u0159 a u\u010debna hudebn\u00ed v\u00fdchovy, nov\u00e9 h\u0159i\u0161t\u011b Nad Parkem, n\u00e1kup modern\u00ed v\u00fdpo\u010detn\u00ed techniky, \u00fapravy \u0161aten, nov\u00e9 kabinety a&#8230;<\/p>\n","protected":false},"author":1,"featured_media":0,"parent":0,"menu_order":0,"comment_status":"closed","ping_status":"closed","template":"","meta":{"footnotes":""},"class_list":["post-418","page","type-page","status-publish","hentry"],"_links":{"self":[{"href":"https:\/\/100prozbraslav.cz\/index.php?rest_route=\/wp\/v2\/pages\/418","targetHints":{"allow":["GET"]}}],"collection":[{"href":"https:\/\/100prozbraslav.cz\/index.php?rest_route=\/wp\/v2\/pages"}],"about":[{"href":"https:\/\/100prozbraslav.cz\/index.php?rest_route=\/wp\/v2\/types\/page"}],"author":[{"embeddable":true,"href":"https:\/\/100prozbraslav.cz\/index.php?rest_route=\/wp\/v2\/users\/1"}],"replies":[{"embeddable":true,"href":"https:\/\/100prozbraslav.cz\/index.php?rest_route=%2Fwp%2Fv2%2Fcomments&post=418"}],"version-history":[{"count":5,"href":"https:\/\/100prozbraslav.cz\/index.php?rest_route=\/wp\/v2\/pages\/418\/revisions"}],"predecessor-version":[{"id":494,"href":"https:\/\/100prozbraslav.cz\/index.php?rest_route=\/wp\/v2\/pages\/418\/revisions\/494"}],"wp:attachment":[{"href":"https:\/\/100prozbraslav.cz\/index.php?rest_route=%2Fwp%2Fv2%2Fmedia&parent=418"}],"curies":[{"name":"wp","href":"https:\/\/api.w.org\/{rel}","templated":true}]}}