{"id":126,"date":"2022-08-17T12:41:54","date_gmt":"2022-08-17T10:41:54","guid":{"rendered":"https:\/\/100prozbraslav.cz\/?page_id=126"},"modified":"2022-09-01T16:38:37","modified_gmt":"2022-09-01T14:38:37","slug":"program","status":"publish","type":"page","link":"https:\/\/100prozbraslav.cz\/?page_id=126","title":{"rendered":"Program 2022 &#8211; 2026"},"content":{"rendered":"\n<p id=\"top\"> <\/p>\n\n\n\n<div class=\"wp-block-group\"><div class=\"wp-block-group__inner-container is-layout-flow wp-block-group-is-layout-flow\"><div class='rt-container-fluid rt-team-container rt-pos-r rt-team-container-158' id='rt-team-container-673236231'  data-layout='isotope-free' data-desktop-col='4'  data-tab-col='2'  data-mobile-col='1' data-sc-id='158' data-popup-bg=''><div data-title='Loading ...' class='rt-row rt-content-loader isotope-free ttp-even ttp-pre-loader'><div id=\"iso-button-673236231\" class=\"ttp-isotope-buttons button-group filter-button-group\"><button data-filter='*' class=\"selected\">Show all<\/button><button data-filter='.iso_10' >SPR\u00c1VA A SLU\u017dBA - ZBRASLAV ZODPOV\u011aDN\u00c1<\/button><button data-filter='.iso_11' >\u017dIVOT PRO M\u011aSTO \u2013 ZBRASLAV SOB\u011aSTA\u010cN\u00c1<\/button><button data-filter='.iso_12' >M\u011aSTO PRO \u017dIVOT - ZBRASLAV EKOLOGICK\u00c1<\/button><\/div><div class='tlp-team-isotope' id='iso-team-673236231'><div class=\"rt-col-md-3 rt-col-sm-6 rt-col-xs-12  even-grid-item rt-grid-item isotope-item  iso_10\" data-id=\"193\"><div class=\"single-team-area\"><div class=\"single-team\"><figure><a class=\"\" data-id=\"193\" target=\"_self\" href=\"https:\/\/100prozbraslav.cz\/?team=bezpecnost-krizove-rizeni-a-ochrana-obyvatel\"><img loading=\"lazy\" decoding=\"async\" width=\"300\" height=\"215\" src=\"https:\/\/100prozbraslav.cz\/wp-content\/uploads\/2022\/08\/hasici-300x215.png\" class=\"img-responsive rt-team-img\" alt=\"Bezpe\u010dnost, krizov\u00e9 \u0159\u00edzen\u00ed a ochrana obyvatel\" \/><\/a><\/figure><\/div><div class=\"tlp-content\"><h3><span class=\"team-name\"><a class=\"\" data-id=\"193\" target=\"_self\" title=\"Bezpe\u010dnost, krizov\u00e9 \u0159\u00edzen\u00ed a ochrana obyvatel\" href=\"https:\/\/100prozbraslav.cz\/?team=bezpecnost-krizove-rizeni-a-ochrana-obyvatel\">Bezpe\u010dnost, krizov\u00e9 \u0159\u00edzen\u00ed a ochrana obyvatel<\/a><\/span><\/h3><\/div><\/div><\/div><div class=\"rt-col-md-3 rt-col-sm-6 rt-col-xs-12  even-grid-item rt-grid-item isotope-item  iso_10\" data-id=\"196\"><div class=\"single-team-area\"><div class=\"single-team\"><figure><a class=\"\" data-id=\"196\" target=\"_self\" href=\"https:\/\/100prozbraslav.cz\/?team=bytovy-fond-zbraslavi-dostupne-bydleni\"><img loading=\"lazy\" decoding=\"async\" width=\"300\" height=\"300\" src=\"https:\/\/100prozbraslav.cz\/wp-content\/uploads\/2022\/07\/cropped-cropped-100proZbraslav-300x300.png\" class=\"img-responsive rt-team-img\" alt=\"Bytov\u00fd fond Zbraslavi\" \/><\/a><\/figure><\/div><div class=\"tlp-content\"><h3><span class=\"team-name\"><a class=\"\" data-id=\"196\" target=\"_self\" title=\"Bytov\u00fd fond Zbraslavi\" href=\"https:\/\/100prozbraslav.cz\/?team=bytovy-fond-zbraslavi-dostupne-bydleni\">Bytov\u00fd fond Zbraslavi<\/a><\/span><\/h3><\/div><\/div><\/div><div class=\"rt-col-md-3 rt-col-sm-6 rt-col-xs-12  even-grid-item rt-grid-item isotope-item  iso_12\" data-id=\"207\"><div class=\"single-team-area\"><div class=\"single-team\"><figure><a class=\"\" data-id=\"207\" target=\"_self\" href=\"https:\/\/100prozbraslav.cz\/?team=doprava\"><img loading=\"lazy\" decoding=\"async\" width=\"300\" height=\"247\" src=\"https:\/\/100prozbraslav.cz\/wp-content\/uploads\/2022\/08\/autobus-300x247.png\" class=\"img-responsive rt-team-img\" alt=\"Doprava\" \/><\/a><\/figure><\/div><div class=\"tlp-content\"><h3><span class=\"team-name\"><a class=\"\" data-id=\"207\" target=\"_self\" title=\"Doprava\" href=\"https:\/\/100prozbraslav.cz\/?team=doprava\">Doprava<\/a><\/span><\/h3><\/div><\/div><\/div><div class=\"rt-col-md-3 rt-col-sm-6 rt-col-xs-12  even-grid-item rt-grid-item isotope-item  iso_12\" data-id=\"206\"><div class=\"single-team-area\"><div class=\"single-team\"><figure><a class=\"\" data-id=\"206\" target=\"_self\" href=\"https:\/\/100prozbraslav.cz\/?team=hospodareni-s-destovou-vodou\"><img loading=\"lazy\" decoding=\"async\" width=\"300\" height=\"300\" src=\"https:\/\/100prozbraslav.cz\/wp-content\/uploads\/2022\/07\/cropped-cropped-100proZbraslav-300x300.png\" class=\"img-responsive rt-team-img\" alt=\"Hospoda\u0159en\u00ed s\u00a0de\u0161\u0165ovou vodou\" \/><\/a><\/figure><\/div><div class=\"tlp-content\"><h3><span class=\"team-name\"><a class=\"\" data-id=\"206\" target=\"_self\" title=\"Hospoda\u0159en\u00ed s\u00a0de\u0161\u0165ovou vodou\" href=\"https:\/\/100prozbraslav.cz\/?team=hospodareni-s-destovou-vodou\">Hospoda\u0159en\u00ed s\u00a0de\u0161\u0165ovou vodou<\/a><\/span><\/h3><\/div><\/div><\/div><div class=\"rt-col-md-3 rt-col-sm-6 rt-col-xs-12  even-grid-item rt-grid-item isotope-item  iso_11\" data-id=\"199\"><div class=\"single-team-area\"><div class=\"single-team\"><figure><a class=\"\" data-id=\"199\" target=\"_self\" href=\"https:\/\/100prozbraslav.cz\/?team=kultura-a-spolecensky-zivot\"><img loading=\"lazy\" decoding=\"async\" width=\"300\" height=\"422\" src=\"https:\/\/100prozbraslav.cz\/wp-content\/uploads\/2022\/08\/Mista2-300x422.png\" class=\"img-responsive rt-team-img\" alt=\"Kultura a spole\u010densk\u00fd \u017eivot\" \/><\/a><\/figure><\/div><div class=\"tlp-content\"><h3><span class=\"team-name\"><a class=\"\" data-id=\"199\" target=\"_self\" title=\"Kultura a spole\u010densk\u00fd \u017eivot\" href=\"https:\/\/100prozbraslav.cz\/?team=kultura-a-spolecensky-zivot\">Kultura a spole\u010densk\u00fd \u017eivot<\/a><\/span><\/h3><\/div><\/div><\/div><div class=\"rt-col-md-3 rt-col-sm-6 rt-col-xs-12  even-grid-item rt-grid-item isotope-item  iso_12\" data-id=\"209\"><div class=\"single-team-area\"><div class=\"single-team\"><figure><a class=\"\" data-id=\"209\" target=\"_self\" href=\"https:\/\/100prozbraslav.cz\/?team=primestsky-park-soutok\"><img loading=\"lazy\" decoding=\"async\" width=\"300\" height=\"240\" src=\"https:\/\/100prozbraslav.cz\/wp-content\/uploads\/2022\/08\/soutok-300x240.png\" class=\"img-responsive rt-team-img\" alt=\"P\u0159\u00edm\u011bstsk\u00fd park Soutok\" \/><\/a><\/figure><\/div><div class=\"tlp-content\"><h3><span class=\"team-name\"><a class=\"\" data-id=\"209\" target=\"_self\" title=\"P\u0159\u00edm\u011bstsk\u00fd park Soutok\" href=\"https:\/\/100prozbraslav.cz\/?team=primestsky-park-soutok\">P\u0159\u00edm\u011bstsk\u00fd park Soutok<\/a><\/span><\/h3><\/div><\/div><\/div><div class=\"rt-col-md-3 rt-col-sm-6 rt-col-xs-12  even-grid-item rt-grid-item isotope-item  iso_12\" data-id=\"208\"><div class=\"single-team-area\"><div class=\"single-team\"><figure><a class=\"\" data-id=\"208\" target=\"_self\" href=\"https:\/\/100prozbraslav.cz\/?team=pripravene-projekty-pro-verejny-prostor\"><img loading=\"lazy\" decoding=\"async\" width=\"300\" height=\"143\" src=\"https:\/\/100prozbraslav.cz\/wp-content\/uploads\/2022\/08\/Namesti-300x143.png\" class=\"img-responsive rt-team-img\" alt=\"P\u0159ipraven\u00e9 projekty pro ve\u0159ejn\u00fd prostor\" \/><\/a><\/figure><\/div><div class=\"tlp-content\"><h3><span class=\"team-name\"><a class=\"\" data-id=\"208\" target=\"_self\" title=\"P\u0159ipraven\u00e9 projekty pro ve\u0159ejn\u00fd prostor\" href=\"https:\/\/100prozbraslav.cz\/?team=pripravene-projekty-pro-verejny-prostor\">P\u0159ipraven\u00e9 projekty pro ve\u0159ejn\u00fd prostor<\/a><\/span><\/h3><\/div><\/div><\/div><div class=\"rt-col-md-3 rt-col-sm-6 rt-col-xs-12  even-grid-item rt-grid-item isotope-item  iso_10\" data-id=\"189\"><div class=\"single-team-area\"><div class=\"single-team\"><figure><a class=\"\" data-id=\"189\" target=\"_self\" href=\"https:\/\/100prozbraslav.cz\/?team=profesionalni-a-otevreny-urad\"><img loading=\"lazy\" decoding=\"async\" width=\"300\" height=\"428\" src=\"https:\/\/100prozbraslav.cz\/wp-content\/uploads\/2022\/08\/MC2-300x428.png\" class=\"img-responsive rt-team-img\" alt=\"Profesion\u00e1ln\u00ed a otev\u0159en\u00fd \u00fa\u0159ad\" \/><\/a><\/figure><\/div><div class=\"tlp-content\"><h3><span class=\"team-name\"><a class=\"\" data-id=\"189\" target=\"_self\" title=\"Profesion\u00e1ln\u00ed a otev\u0159en\u00fd \u00fa\u0159ad\" href=\"https:\/\/100prozbraslav.cz\/?team=profesionalni-a-otevreny-urad\">Profesion\u00e1ln\u00ed a otev\u0159en\u00fd \u00fa\u0159ad<\/a><\/span><\/h3><\/div><\/div><\/div><div class=\"rt-col-md-3 rt-col-sm-6 rt-col-xs-12  even-grid-item rt-grid-item isotope-item  iso_11\" data-id=\"201\"><div class=\"single-team-area\"><div class=\"single-team\"><figure><a class=\"\" data-id=\"201\" target=\"_self\" href=\"https:\/\/100prozbraslav.cz\/?team=rodinna-atmosfera-na-zbraslavi\"><img loading=\"lazy\" decoding=\"async\" width=\"300\" height=\"239\" src=\"https:\/\/100prozbraslav.cz\/wp-content\/uploads\/2022\/08\/Ruce-300x239.png\" class=\"img-responsive rt-team-img\" alt=\"Rodinn\u00e1 atmosf\u00e9ra na Zbraslavi\" \/><\/a><\/figure><\/div><div class=\"tlp-content\"><h3><span class=\"team-name\"><a class=\"\" data-id=\"201\" target=\"_self\" title=\"Rodinn\u00e1 atmosf\u00e9ra na Zbraslavi\" href=\"https:\/\/100prozbraslav.cz\/?team=rodinna-atmosfera-na-zbraslavi\">Rodinn\u00e1 atmosf\u00e9ra na Zbraslavi<\/a><\/span><\/h3><\/div><\/div><\/div><div class=\"rt-col-md-3 rt-col-sm-6 rt-col-xs-12  even-grid-item rt-grid-item isotope-item  iso_10\" data-id=\"192\"><div class=\"single-team-area\"><div class=\"single-team\"><figure><a class=\"\" data-id=\"192\" target=\"_self\" href=\"https:\/\/100prozbraslav.cz\/?team=strategicke-planovani-a-udrzitelny-rozvoj\"><img loading=\"lazy\" decoding=\"async\" width=\"300\" height=\"246\" src=\"https:\/\/100prozbraslav.cz\/wp-content\/uploads\/2022\/08\/SlunecniPark-300x246.png\" class=\"img-responsive rt-team-img\" alt=\"Rozvoj, pl\u00e1nov\u00e1n\u00ed a zapojen\u00ed ob\u010dan\u016f\" \/><\/a><\/figure><\/div><div class=\"tlp-content\"><h3><span class=\"team-name\"><a class=\"\" data-id=\"192\" target=\"_self\" title=\"Rozvoj, pl\u00e1nov\u00e1n\u00ed a zapojen\u00ed ob\u010dan\u016f\" href=\"https:\/\/100prozbraslav.cz\/?team=strategicke-planovani-a-udrzitelny-rozvoj\">Rozvoj, pl\u00e1nov\u00e1n\u00ed a zapojen\u00ed ob\u010dan\u016f<\/a><\/span><\/h3><\/div><\/div><\/div><div class=\"rt-col-md-3 rt-col-sm-6 rt-col-xs-12  even-grid-item rt-grid-item isotope-item  iso_10\" data-id=\"195\"><div class=\"single-team-area\"><div class=\"single-team\"><figure><a class=\"\" data-id=\"195\" target=\"_self\" href=\"https:\/\/100prozbraslav.cz\/?team=socialni-sluzby\"><img loading=\"lazy\" decoding=\"async\" width=\"300\" height=\"300\" src=\"https:\/\/100prozbraslav.cz\/wp-content\/uploads\/2022\/07\/cropped-cropped-100proZbraslav-300x300.png\" class=\"img-responsive rt-team-img\" alt=\"Soci\u00e1ln\u00ed slu\u017eby\" \/><\/a><\/figure><\/div><div class=\"tlp-content\"><h3><span class=\"team-name\"><a class=\"\" data-id=\"195\" target=\"_self\" title=\"Soci\u00e1ln\u00ed slu\u017eby\" href=\"https:\/\/100prozbraslav.cz\/?team=socialni-sluzby\">Soci\u00e1ln\u00ed slu\u017eby<\/a><\/span><\/h3><\/div><\/div><\/div><div class=\"rt-col-md-3 rt-col-sm-6 rt-col-xs-12  even-grid-item rt-grid-item isotope-item  iso_11\" data-id=\"200\"><div class=\"single-team-area\"><div class=\"single-team\"><figure><a class=\"\" data-id=\"200\" target=\"_self\" href=\"https:\/\/100prozbraslav.cz\/?team=sport\"><img loading=\"lazy\" decoding=\"async\" width=\"300\" height=\"224\" src=\"https:\/\/100prozbraslav.cz\/wp-content\/uploads\/2022\/08\/Sportoviste-300x224.png\" class=\"img-responsive rt-team-img\" alt=\"Sport\" \/><\/a><\/figure><\/div><div class=\"tlp-content\"><h3><span class=\"team-name\"><a class=\"\" data-id=\"200\" target=\"_self\" title=\"Sport\" href=\"https:\/\/100prozbraslav.cz\/?team=sport\">Sport<\/a><\/span><\/h3><\/div><\/div><\/div><div class=\"rt-col-md-3 rt-col-sm-6 rt-col-xs-12  even-grid-item rt-grid-item isotope-item  iso_12\" data-id=\"203\"><div class=\"single-team-area\"><div class=\"single-team\"><figure><a class=\"\" data-id=\"203\" target=\"_self\" href=\"https:\/\/100prozbraslav.cz\/?team=technicka-vybavenost\"><img loading=\"lazy\" decoding=\"async\" width=\"300\" height=\"300\" src=\"https:\/\/100prozbraslav.cz\/wp-content\/uploads\/2022\/07\/cropped-cropped-100proZbraslav-300x300.png\" class=\"img-responsive rt-team-img\" alt=\"Technick\u00e1 vybavenost\" \/><\/a><\/figure><\/div><div class=\"tlp-content\"><h3><span class=\"team-name\"><a class=\"\" data-id=\"203\" target=\"_self\" title=\"Technick\u00e1 vybavenost\" href=\"https:\/\/100prozbraslav.cz\/?team=technicka-vybavenost\">Technick\u00e1 vybavenost<\/a><\/span><\/h3><\/div><\/div><\/div><div class=\"rt-col-md-3 rt-col-sm-6 rt-col-xs-12  even-grid-item rt-grid-item isotope-item  iso_12\" data-id=\"204\"><div class=\"single-team-area\"><div class=\"single-team\"><figure><a class=\"\" data-id=\"204\" target=\"_self\" href=\"https:\/\/100prozbraslav.cz\/?team=ulice-chodniky-a-silnice\"><img loading=\"lazy\" decoding=\"async\" width=\"300\" height=\"300\" src=\"https:\/\/100prozbraslav.cz\/wp-content\/uploads\/2022\/07\/cropped-cropped-100proZbraslav-300x300.png\" class=\"img-responsive rt-team-img\" alt=\"Ulice, chodn\u00edky a silnice\" \/><\/a><\/figure><\/div><div class=\"tlp-content\"><h3><span class=\"team-name\"><a class=\"\" data-id=\"204\" target=\"_self\" title=\"Ulice, chodn\u00edky a silnice\" href=\"https:\/\/100prozbraslav.cz\/?team=ulice-chodniky-a-silnice\">Ulice, chodn\u00edky a silnice<\/a><\/span><\/h3><\/div><\/div><\/div><div class=\"rt-col-md-3 rt-col-sm-6 rt-col-xs-12  even-grid-item rt-grid-item isotope-item  iso_11\" data-id=\"197\"><div class=\"single-team-area\"><div class=\"single-team\"><figure><a class=\"\" data-id=\"197\" target=\"_self\" href=\"https:\/\/100prozbraslav.cz\/?team=vyborne-skoly-s-pestrou-nabidkou\"><img loading=\"lazy\" decoding=\"async\" width=\"300\" height=\"300\" src=\"https:\/\/100prozbraslav.cz\/wp-content\/uploads\/2022\/07\/cropped-cropped-100proZbraslav-300x300.png\" class=\"img-responsive rt-team-img\" alt=\"V\u00fdborn\u00e9 \u0161koly s\u00a0pestrou nab\u00eddkou\" \/><\/a><\/figure><\/div><div class=\"tlp-content\"><h3><span class=\"team-name\"><a class=\"\" data-id=\"197\" target=\"_self\" title=\"V\u00fdborn\u00e9 \u0161koly s\u00a0pestrou nab\u00eddkou\" href=\"https:\/\/100prozbraslav.cz\/?team=vyborne-skoly-s-pestrou-nabidkou\">V\u00fdborn\u00e9 \u0161koly s\u00a0pestrou nab\u00eddkou<\/a><\/span><\/h3><\/div><\/div><\/div><div class=\"rt-col-md-3 rt-col-sm-6 rt-col-xs-12  even-grid-item rt-grid-item isotope-item  iso_11\" data-id=\"202\"><div class=\"single-team-area\"><div class=\"single-team\"><figure><a class=\"\" data-id=\"202\" target=\"_self\" href=\"https:\/\/100prozbraslav.cz\/?team=rozkvet-mesta-a-partnerske-projekty\"><img loading=\"lazy\" decoding=\"async\" width=\"300\" height=\"217\" src=\"https:\/\/100prozbraslav.cz\/wp-content\/uploads\/2022\/08\/Pradelna-300x217.png\" class=\"img-responsive rt-team-img\" alt=\"Zbraslavsk\u00e9 partnersk\u00e9 projekty\" \/><\/a><\/figure><\/div><div class=\"tlp-content\"><h3><span class=\"team-name\"><a class=\"\" data-id=\"202\" target=\"_self\" title=\"Zbraslavsk\u00e9 partnersk\u00e9 projekty\" href=\"https:\/\/100prozbraslav.cz\/?team=rozkvet-mesta-a-partnerske-projekty\">Zbraslavsk\u00e9 partnersk\u00e9 projekty<\/a><\/span><\/h3><\/div><\/div><\/div><div class=\"rt-col-md-3 rt-col-sm-6 rt-col-xs-12  even-grid-item rt-grid-item isotope-item  iso_10\" data-id=\"194\"><div class=\"single-team-area\"><div class=\"single-team\"><figure><a class=\"\" data-id=\"194\" target=\"_self\" href=\"https:\/\/100prozbraslav.cz\/?team=zdravotnictvi\"><img loading=\"lazy\" decoding=\"async\" width=\"300\" height=\"300\" src=\"https:\/\/100prozbraslav.cz\/wp-content\/uploads\/2022\/07\/cropped-cropped-100proZbraslav-300x300.png\" class=\"img-responsive rt-team-img\" alt=\"Zdravotnictv\u00ed\" \/><\/a><\/figure><\/div><div class=\"tlp-content\"><h3><span class=\"team-name\"><a class=\"\" data-id=\"194\" target=\"_self\" title=\"Zdravotnictv\u00ed\" href=\"https:\/\/100prozbraslav.cz\/?team=zdravotnictvi\">Zdravotnictv\u00ed<\/a><\/span><\/h3><\/div><\/div><\/div><div class=\"rt-col-md-3 rt-col-sm-6 rt-col-xs-12  even-grid-item rt-grid-item isotope-item  iso_12\" data-id=\"205\"><div class=\"single-team-area\"><div class=\"single-team\"><figure><a class=\"\" data-id=\"205\" target=\"_self\" href=\"https:\/\/100prozbraslav.cz\/?team=zelen\"><img loading=\"lazy\" decoding=\"async\" width=\"300\" height=\"269\" src=\"https:\/\/100prozbraslav.cz\/wp-content\/uploads\/2022\/08\/Belveder-300x269.png\" class=\"img-responsive rt-team-img\" alt=\"Zele\u0148\" \/><\/a><\/figure><\/div><div class=\"tlp-content\"><h3><span class=\"team-name\"><a class=\"\" data-id=\"205\" target=\"_self\" title=\"Zele\u0148\" href=\"https:\/\/100prozbraslav.cz\/?team=zelen\">Zele\u0148<\/a><\/span><\/h3><\/div><\/div><\/div><div class=\"rt-col-md-3 rt-col-sm-6 rt-col-xs-12  even-grid-item rt-grid-item isotope-item  iso_10\" data-id=\"190\"><div class=\"single-team-area\"><div class=\"single-team\"><figure><a class=\"\" data-id=\"190\" target=\"_self\" href=\"https:\/\/100prozbraslav.cz\/?team=zodpovedna-sprava-mestske-casti\"><img loading=\"lazy\" decoding=\"async\" width=\"300\" height=\"300\" src=\"https:\/\/100prozbraslav.cz\/wp-content\/uploads\/2022\/07\/cropped-cropped-100proZbraslav-300x300.png\" class=\"img-responsive rt-team-img\" alt=\"Zodpov\u011bdn\u00e1 spr\u00e1va m\u011bstsk\u00e9 \u010d\u00e1sti\" \/><\/a><\/figure><\/div><div class=\"tlp-content\"><h3><span class=\"team-name\"><a class=\"\" data-id=\"190\" target=\"_self\" title=\"Zodpov\u011bdn\u00e1 spr\u00e1va m\u011bstsk\u00e9 \u010d\u00e1sti\" href=\"https:\/\/100prozbraslav.cz\/?team=zodpovedna-sprava-mestske-casti\">Zodpov\u011bdn\u00e1 spr\u00e1va m\u011bstsk\u00e9 \u010d\u00e1sti<\/a><\/span><\/h3><\/div><\/div><\/div><\/div><div class=\"rt-loading-overlay\"><\/div><div class=\"rt-loading rt-ball-clip-rotate\"><div><\/div><\/div><\/div><\/div>\n<\/div><\/div>\n","protected":false},"excerpt":{"rendered":"","protected":false},"author":1,"featured_media":0,"parent":0,"menu_order":0,"comment_status":"closed","ping_status":"closed","template":"fullwidth-template.php","meta":{"footnotes":""},"class_list":["post-126","page","type-page","status-publish","hentry"],"_links":{"self":[{"href":"https:\/\/100prozbraslav.cz\/index.php?rest_route=\/wp\/v2\/pages\/126","targetHints":{"allow":["GET"]}}],"collection":[{"href":"https:\/\/100prozbraslav.cz\/index.php?rest_route=\/wp\/v2\/pages"}],"about":[{"href":"https:\/\/100prozbraslav.cz\/index.php?rest_route=\/wp\/v2\/types\/page"}],"author":[{"embeddable":true,"href":"https:\/\/100prozbraslav.cz\/index.php?rest_route=\/wp\/v2\/users\/1"}],"replies":[{"embeddable":true,"href":"https:\/\/100prozbraslav.cz\/index.php?rest_route=%2Fwp%2Fv2%2Fcomments&post=126"}],"version-history":[{"count":7,"href":"https:\/\/100prozbraslav.cz\/index.php?rest_route=\/wp\/v2\/pages\/126\/revisions"}],"predecessor-version":[{"id":506,"href":"https:\/\/100prozbraslav.cz\/index.php?rest_route=\/wp\/v2\/pages\/126\/revisions\/506"}],"wp:attachment":[{"href":"https:\/\/100prozbraslav.cz\/index.php?rest_route=%2Fwp%2Fv2%2Fmedia&parent=126"}],"curies":[{"name":"wp","href":"https:\/\/api.w.org\/{rel}","templated":true}]}}